{"id":52,"date":"2021-08-08T21:58:46","date_gmt":"2021-08-08T19:58:46","guid":{"rendered":"https:\/\/rikayne.envs.net\/?page_id=52"},"modified":"2021-08-08T21:58:46","modified_gmt":"2021-08-08T19:58:46","slug":"ein-kleines-ueber-mich","status":"publish","type":"page","link":"https:\/\/rikayne.envs.net\/?page_id=52","title":{"rendered":"Ein Kleines \u00dcber-Mich"},"content":{"rendered":"\n<h2 class=\"has-text-align-center\">Ein kleines \u00dcber-Mich<\/h2>\n\n\n\n<p class=\"has-text-align-justify\">Sch\u00f6n dass ihr auf meinen Blog gestossen seid! Ich hei\u00dfe Sarah, bin 41 Jahre alt, verheiratet und wohne momentan in Den Haag in den Niederlanden. <\/p>\n\n\n\n<p>Ja ihr habt richtig gelesen, ich bin 41 Jahre und ja, ich fange noch ein Studium an! Im ersten Moment klingt das recht ungew\u00f6hnlich. Warum und wieso ich mich aber daf\u00fcr entschieden habe, k\u00f6nnt ihr in meinem ersten Beitrag des Blogs nachlesen! <\/p>\n\n\n\n<p>Die Idee zu dem Blog kam mir, da ich viel im Internet recherchiert habe, was das Studium allgemein anbelangt, wo man alles studieren kann etc. Es gibt zwar viele Bewertungsportale, aber ganz ehrlich? Ich halte von solchen Seiten nicht viel. Bewertungsportale sind immer so eine Sache was gekaufte Rezessionen angeht. Deshalb mag ich mir \u00fcber solche Seiten keinen Eindruck \u00fcber die Fachhochschulen\/Unis verschaffen. <\/p>\n\n\n\n<p>Viel interessanter waren da die pers\u00f6nlichen Blogs von den Studenten. Dort konnte ich viele wertvolle Informationen sammeln, gerade als \u201cAnf\u00e4nger\u201d. Man stellt sich ja schon viele Fragen wie \u201cWie l\u00e4uft so ein Studium \u00fcberhaupt ab?\u201d, \u201cWas sagen die Studenten selber zu den Inhalten?\u201d  etcetc. Klar kann ich zu vielen Fragen auch trocken die FAQ\u2019s der Schulen\/Unis durchforsten, aber manche Dinge erf\u00e4hrt man besser von Leuten, die genau das gleiche machen wie ich es vorhabe und dabei schon viel mehr Erfahrung haben. <\/p>\n\n\n\n<p>Somit habe ich mich entschlossen, meinen eigenen kleinen Blog zu erstellen, um meine pers\u00f6nlichen Erfahrungen mit euch zu teilen und das von Anfang an. Ebenfalls soll der Blog aber auch f\u00fcr mich selbst sein, damit ich einige Dinge vielleicht besser reflektieren kann. Eventuell ist der Blog f\u00fcr manch einen von Euch hilfreich bei gewissen Entscheidungen, vielleicht nimmt er einem von Euch etwas die Angst vor dem Neuen was da kommt oder vielleicht ist es auch einfach nur interessant zu lesen, was mir im Laufe des Studiums so Positives wie Negatives passiert ist.&nbsp;\ud83d\ude01<\/p>\n\n\n\n<p><\/p>\n","protected":false},"excerpt":{"rendered":"<p>Ein kleines \u00dcber-Mich Sch\u00f6n dass ihr auf meinen Blog gestossen seid! Ich hei\u00dfe Sarah, bin 41 Jahre alt, verheiratet und wohne momentan in Den Haag in den Niederlanden. Ja ihr habt richtig gelesen, ich bin 41 Jahre und ja, ich fange noch ein Studium an! Im ersten Moment klingt das recht ungew\u00f6hnlich. Warum und wieso ich mich aber daf\u00fcr entschieden habe, k\u00f6nnt ihr in meinem ersten Beitrag des Blogs nachlesen! Die Idee zu dem Blog kam mir, da ich viel im Internet recherchiert habe, was das Studium allgemein anbelangt, wo man alles studieren kann etc. Es gibt zwar viele Bewertungsportale, aber ganz ehrlich? Ich halte<\/p>\n<p><a class=\"more-link\" href=\"https:\/\/rikayne.envs.net\/?page_id=52\">Weiterlesen<\/a><\/p>\n","protected":false},"author":1,"featured_media":53,"parent":0,"menu_order":0,"comment_status":"closed","ping_status":"closed","template":"","meta":[],"_links":{"self":[{"href":"https:\/\/rikayne.envs.net\/index.php?rest_route=\/wp\/v2\/pages\/52"}],"collection":[{"href":"https:\/\/rikayne.envs.net\/index.php?rest_route=\/wp\/v2\/pages"}],"about":[{"href":"https:\/\/rikayne.envs.net\/index.php?rest_route=\/wp\/v2\/types\/page"}],"author":[{"embeddable":true,"href":"https:\/\/rikayne.envs.net\/index.php?rest_route=\/wp\/v2\/users\/1"}],"replies":[{"embeddable":true,"href":"https:\/\/rikayne.envs.net\/index.php?rest_route=%2Fwp%2Fv2%2Fcomments&post=52"}],"version-history":[{"count":1,"href":"https:\/\/rikayne.envs.net\/index.php?rest_route=\/wp\/v2\/pages\/52\/revisions"}],"predecessor-version":[{"id":54,"href":"https:\/\/rikayne.envs.net\/index.php?rest_route=\/wp\/v2\/pages\/52\/revisions\/54"}],"wp:featuredmedia":[{"embeddable":true,"href":"https:\/\/rikayne.envs.net\/index.php?rest_route=\/wp\/v2\/media\/53"}],"wp:attachment":[{"href":"https:\/\/rikayne.envs.net\/index.php?rest_route=%2Fwp%2Fv2%2Fmedia&parent=52"}],"curies":[{"name":"wp","href":"https:\/\/api.w.org\/{rel}","templated":true}]}}